{"id":3236,"date":"2024-08-12T03:04:32","date_gmt":"2024-08-12T03:04:32","guid":{"rendered":"https:\/\/alfasp.eu\/?page_id=3236"},"modified":"2024-08-12T03:22:33","modified_gmt":"2024-08-12T03:22:33","slug":"politika-zasebnosti","status":"publish","type":"page","link":"https:\/\/alfasp.eu\/hr\/politika-zasebnosti\/","title":{"rendered":"Politika privatnosti"},"content":{"rendered":"<div data-elementor-type=\"wp-page\" data-elementor-id=\"3236\" class=\"elementor elementor-3236\" data-elementor-post-type=\"page\">\n\t\t\t\t<div class=\"elementor-element elementor-element-c8e3b7 e-flex e-con-boxed e-con e-parent\" data-id=\"c8e3b7\" data-element_type=\"container\" data-settings=\"{&quot;background_background&quot;:&quot;classic&quot;}\">\n\t\t\t\t\t<div class=\"e-con-inner\">\n\t\t\t\t<div class=\"elementor-element elementor-element-4365ede3 elementor-widget elementor-widget-heading\" data-id=\"4365ede3\" data-element_type=\"widget\" data-widget_type=\"heading.default\">\n\t\t\t\t<div class=\"elementor-widget-container\">\n\t\t\t\t\t<h2 class=\"elementor-heading-title elementor-size-default\">POLITIKA ZASEBNOSTI<\/h2>\t\t\t\t<\/div>\n\t\t\t\t<\/div>\n\t\t\t\t\t<\/div>\n\t\t\t\t<\/div>\n\t\t<div class=\"elementor-element elementor-element-ed05482 e-flex e-con-boxed e-con e-parent\" data-id=\"ed05482\" data-element_type=\"container\">\n\t\t\t\t\t<div class=\"e-con-inner\">\n\t\t\t\t<div class=\"elementor-element elementor-element-c37e8bd elementor-invisible elementor-widget elementor-widget-text-editor\" data-id=\"c37e8bd\" data-element_type=\"widget\" data-settings=\"{&quot;_animation&quot;:&quot;fadeInRight&quot;}\" data-widget_type=\"text-editor.default\">\n\t\t\t\t<div class=\"elementor-widget-container\">\n\t\t\t\t\t\t\t\t\t<p>Pri podjetju ALFA SP d.o.o. spo\u0161tujemo va\u0161o zasebnost in se zavezujemo, da bomo va\u0161e osebne podatke varovali in uporabljali v skladu z veljavnimi predpisi o varstvu podatkov.<\/p><p><strong>Kak\u0161ne osebne podatke zbiramo?<\/strong><\/p><p>ALFA SP d.o.o. zbira osebne podatke, ki jih posredujete prek na\u0161ega kontaktnega obrazca, kot so ime, priimek in e-po\u0161tni naslov. Ti podatki se uporabljajo za vzpostavitev stika z vami in za nadaljnjo komunikacijo v zvezi z va\u0161im primerom.<\/p><p><strong>Kako uporabljamo va\u0161e osebne podatke?<\/strong><\/p><p>Va\u0161e osebne podatke bomo uporabili izklju\u010dno za namene, za katere ste nam jih posredovali, to je za vzpostavitev stika z vami in za nadaljnjo komunikacijo v zvezi z va\u0161im primerom. Va\u0161ih osebnih podatkov ne bomo posredovali tretjim osebam brez va\u0161ega izrecnega dovoljenja.<\/p><p><strong>Kako varujemo va\u0161e osebne podatke?<\/strong><\/p><p>ALFA SP d.o.o. se zavezuje k varovanju va\u0161ih osebnih podatkov in k njihovemu obdelovanju na na\u010din, ki zagotavlja njihovo ustrezno varnost. Za zagotovitev varnosti osebnih podatkov uporabljamo ustrezne tehni\u010dne in organizacijske ukrepe.<\/p><p><strong>Koliko \u010dasa hranimo va\u0161e osebne podatke?<\/strong><\/p><p>Va\u0161e osebne podatke bomo hranili samo toliko \u010dasa, kolikor je potrebno za dosego namena, za katerega so bili zbrani, ali dokler ne prekli\u010dete svojega soglasja za obdelavo osebnih podatkov.<\/p><p>Va\u0161e pravice v zvezi z va\u0161imi osebnimi podatki V skladu z veljavnimi predpisi o varstvu podatkov imate pravico do dostopa do va\u0161ih osebnih podatkov, njihovega popravka, izbrisa, omejitve obdelave in prenosa. Prav tako imate pravico do ugovora obdelavi va\u0161ih osebnih podatkov.<\/p><p><strong>Kontakt<\/strong><\/p><p>Za kakr\u0161nakoli vpra\u0161anja v zvezi z na\u0161o politiko zasebnosti ali za uveljavljanje va\u0161ih pravic v zvezi z va\u0161imi osebnimi podatki nas lahko kadarkoli kontaktirate preko <a href=\"https:\/\/alfasp.eu\/hr\/kontakt\/\">kontaktnega obrazca<\/a> na na\u0161i spletni strani ali na e-po\u0161tni naslov (<a rel=\"noreferrer\">info@alfasp.si<\/a>).<\/p><p><strong>Spremembe politike zasebnosti<\/strong><\/p><p><a href=\"https:\/\/www.facebook.com\/ALFASP\/\">ALFA SP d.o.o.<\/a> si pridr\u017euje pravico do sprememb te politike zasebnosti brez predhodnega obvestila. V primeru sprememb bomo posodobili datum spodaj na tej strani. Zato vam priporo\u010damo, da si ob\u010dasno ogledate to stran, da boste seznanjeni z morebitnimi spremembami.<\/p><p>Datum zadnje posodobitve: 1. 8. 2024<\/p>\t\t\t\t\t\t\t\t<\/div>\n\t\t\t\t<\/div>\n\t\t\t\t\t<\/div>\n\t\t\t\t<\/div>\n\t\t<div class=\"elementor-element elementor-element-a2c3a6b e-flex e-con-boxed e-con e-parent\" data-id=\"a2c3a6b\" data-element_type=\"container\">\n\t\t\t\t\t<div class=\"e-con-inner\">\n\t\t\t\t<div class=\"elementor-element elementor-element-ceb5383 elementor-widget elementor-widget-image\" data-id=\"ceb5383\" data-element_type=\"widget\" data-widget_type=\"image.default\">\n\t\t\t\t<div class=\"elementor-widget-container\">\n\t\t\t\t\t\t\t\t\t\t\t\t\t\t\t<img fetchpriority=\"high\" decoding=\"async\" width=\"625\" height=\"794\" src=\"https:\/\/alfasp.eu\/wp-content\/uploads\/2024\/03\/ZNAK.webp\" class=\"attachment-large size-large wp-image-34\" alt=\"politika zasebnosti\" srcset=\"https:\/\/alfasp.eu\/wp-content\/uploads\/2024\/03\/ZNAK.webp 625w, https:\/\/alfasp.eu\/wp-content\/uploads\/2024\/03\/ZNAK-236x300.webp 236w\" sizes=\"(max-width: 625px) 100vw, 625px\" \/>\t\t\t\t\t\t\t\t\t\t\t\t\t\t\t<\/div>\n\t\t\t\t<\/div>\n\t\t\t\t<div class=\"elementor-element elementor-element-b473e7b elementor-widget elementor-widget-text-editor\" data-id=\"b473e7b\" data-element_type=\"widget\" data-widget_type=\"text-editor.default\">\n\t\t\t\t<div class=\"elementor-widget-container\">\n\t\t\t\t\t\t\t\t\tALFA SP logistika d.o.o. je vodilno slovensko mednarodno logisti\u010dno podjetje z ve\u010d kot 30-letno tradicijo. Ponosni smo na dru\u017einsko lastni\u0161tvo ter specializacijo v organizaciji cestnega, vodnega, zra\u010dnega in \u017eelezni\u0161kega transporta, s poudarkom na carinskih storitvah.\n\nZ lastnimi pisarnami delujemo na Hrva\u0161kem in v Srbiji. Z inovativnostjo, visoko usposobljenim kadrom in globalnimi partnerji smo uspe\u0161en konkurent na doma\u010dem in mednarodnem trgu. S popolnim nadzorom nad izvajanjem storitev zagotavljamo kakovost in konkuren\u010dne cene.\nO nas\nZGODOVINA\n1990\nPodpis pogodbe\ns francoskim \u0161pediterjem Gondrand\n\n1991\nUporaba prvega ra\u010dunalnika\nv Jugoslaviji za izdelavo carinske dokumentacije\n\n1991\n\u0160tiri izpostave\nv Sloveniji, h\u010derinska dru\u017eba v Beogradu, pripravljeno odpiranje v\nZagrebu in Sarajevu\n\n1992\nDostava rezervnih delov\nza IBM v dveh urah po Sloveniji\n\n1994 \u2013 1995\nAgentura za vse hrva\u0161ke\nladijske prevoznike (Croatialines, \u2026)\n\n1996\nOdpiranje prvega distribucijskega centra s \u010drtno kodo in lastno internetno tehnologijo v oblaku, tehnologija Amazona je sledila nekaj let pozneje\n\n2000\nRazvoj produkta: dokladi kosovnih po\u0161iljk kot hitrej\u0161o, bolj zanesljivo nadomestilo takratnim zbirnikom\n\n2009\nOdpiranje poslovalnice\nv Kopru za pomorsko logistiko\n\n2015\nIntenzivna rast v mednarodnem in regionalnem okolju\n\n2019\nZa\u010detek delovanja h\u010derinske dru\u017ebe v Srbiji, na letali\u0161\u010du Beograd\n\n2024\nZa\u010detek dela h\u010derinske dru\u017ebe na Hrva\u0161kem, v pristani\u0161\u010du Rijeka in odprtje druge enote v Srbiji, v mestu Beograd\n\n1989\nUstanovitev dru\u017ebe\nprvi zasebni \u0161pediter v Jugoslaviji in med prvih 50 d.o.o.-jev v Sloveniji)\n\n1990\nPrvi tedenski\ncestnega zbirnika na relaciji Ljubljana \u2013 Pariz\n\n1991\nPrve zbirne po\u0161iljke\nna relaciji Ljubljana \u2013 Milano\n\n1991\nZa\u010detek razpada Jugoslavije\n\n1992\nHitre dostave rezervnih delov\nza Revoz po jugo-vzhodni Evropi\n\n1994\nSprejem in obdelava kontejnerskega vlaka Livorno \u2013 Ljubljana\n\n1999\nZa\u010detek priprav na vstop Slovenije v Evropsko Unijo\n\n2004\nVstop v EU in propad ve\u010dine majhnih \u0161pediterjev\n\n2012\nPodpis pogodbe\nz ameri\u0161ko multinacionalko UTi\n\n2017\nZa\u010detek razvoja lastne IT re\u0161itve za poslovanje v oblaku, ki bo integriral celotno poslovanje vseh na\u0161ih dru\u017eb kjerkoli so in bodo v prihodnosti\n\n2022\nRekordni finan\u010dni rezultati\n(25 milijonov \u20ac prometa na ravni skupine) in po \u0161tevilu\nprepeljanih po\u0161iljk\n\n\nMisija in vizija\n\u2714 Zagotavljati kvalitetno in celovito logisti\u010dno storitev\n\n\u2714 Biti logisti\u010dni ponudnik izbire doma\u010dim in tujim naro\u010dnikom\n\n\u2714 Fleksibilnost in individualna obravnava strank\n\n\u2714 Imeti popoln nadzor nad izvedbo vseh ponujenih storitev\n\nDRU\u017dINSKE VREDNOTE\nVe\u010d kot 30 letna prisotnost na trgu jam\u010di kvaliteto na\u0161ih storitev, govori o na\u0161i zanesljivosti, korektnem pristopu do strank ter o vlogi na trgu.\t\t\t\t\t\t\t\t<\/div>\n\t\t\t\t<\/div>\n\t\t\t\t\t<\/div>\n\t\t\t\t<\/div>\n\t\t\t\t<\/div>","protected":false},"excerpt":{"rendered":"<p>POLITIKA ZASEBNOSTI Pri podjetju ALFA SP d.o.o. spo\u0161tujemo va\u0161o zasebnost in se zavezujemo, da bomo va\u0161e osebne podatke varovali in uporabljali v skladu z veljavnimi predpisi o varstvu podatkov. Kak\u0161ne osebne podatke zbiramo? ALFA SP d.o.o. zbira osebne podatke, ki jih posredujete prek na\u0161ega kontaktnega obrazca, kot so ime, priimek in e-po\u0161tni naslov. Ti podatki [\u2026]<\/p>","protected":false},"author":1,"featured_media":0,"parent":0,"menu_order":0,"comment_status":"closed","ping_status":"closed","template":"elementor_header_footer","meta":{"om_disable_all_campaigns":false,"_monsterinsights_skip_tracking":false,"_monsterinsights_sitenote_active":false,"_monsterinsights_sitenote_note":"","_monsterinsights_sitenote_category":0,"_uf_show_specific_survey":0,"_uf_disable_surveys":false,"footnotes":""},"class_list":["post-3236","page","type-page","status-publish","hentry"],"aioseo_notices":[],"_links":{"self":[{"href":"https:\/\/alfasp.eu\/hr\/wp-json\/wp\/v2\/pages\/3236","targetHints":{"allow":["GET"]}}],"collection":[{"href":"https:\/\/alfasp.eu\/hr\/wp-json\/wp\/v2\/pages"}],"about":[{"href":"https:\/\/alfasp.eu\/hr\/wp-json\/wp\/v2\/types\/page"}],"author":[{"embeddable":true,"href":"https:\/\/alfasp.eu\/hr\/wp-json\/wp\/v2\/users\/1"}],"replies":[{"embeddable":true,"href":"https:\/\/alfasp.eu\/hr\/wp-json\/wp\/v2\/comments?post=3236"}],"version-history":[{"count":21,"href":"https:\/\/alfasp.eu\/hr\/wp-json\/wp\/v2\/pages\/3236\/revisions"}],"predecessor-version":[{"id":3272,"href":"https:\/\/alfasp.eu\/hr\/wp-json\/wp\/v2\/pages\/3236\/revisions\/3272"}],"wp:attachment":[{"href":"https:\/\/alfasp.eu\/hr\/wp-json\/wp\/v2\/media?parent=3236"}],"curies":[{"name":"wp","href":"https:\/\/api.w.org\/{rel}","templated":true}]}}