{"id":3239,"date":"2024-08-12T03:11:51","date_gmt":"2024-08-12T03:11:51","guid":{"rendered":"https:\/\/alfasp.eu\/?page_id=3239"},"modified":"2024-08-12T03:18:33","modified_gmt":"2024-08-12T03:18:33","slug":"piskotki","status":"publish","type":"page","link":"https:\/\/alfasp.eu\/hr\/piskotki\/","title":{"rendered":"Kola\u010di\u0107i"},"content":{"rendered":"<div data-elementor-type=\"wp-page\" data-elementor-id=\"3239\" class=\"elementor elementor-3239\" data-elementor-post-type=\"page\">\n\t\t\t\t<div class=\"elementor-element elementor-element-c8e3b7 e-flex e-con-boxed e-con e-parent\" data-id=\"c8e3b7\" data-element_type=\"container\" data-settings=\"{&quot;background_background&quot;:&quot;classic&quot;}\">\n\t\t\t\t\t<div class=\"e-con-inner\">\n\t\t\t\t<div class=\"elementor-element elementor-element-4365ede3 elementor-widget elementor-widget-heading\" data-id=\"4365ede3\" data-element_type=\"widget\" data-widget_type=\"heading.default\">\n\t\t\t\t<div class=\"elementor-widget-container\">\n\t\t\t\t\t<h2 class=\"elementor-heading-title elementor-size-default\">PI\u0160KOTKI<\/h2>\t\t\t\t<\/div>\n\t\t\t\t<\/div>\n\t\t\t\t\t<\/div>\n\t\t\t\t<\/div>\n\t\t<div class=\"elementor-element elementor-element-3182f70 e-flex e-con-boxed e-con e-parent\" data-id=\"3182f70\" data-element_type=\"container\">\n\t\t\t\t\t<div class=\"e-con-inner\">\n\t\t\t\t<div class=\"elementor-element elementor-element-5241ec7 elementor-invisible elementor-widget elementor-widget-text-editor\" data-id=\"5241ec7\" data-element_type=\"widget\" data-settings=\"{&quot;_animation&quot;:&quot;fadeInRight&quot;}\" data-widget_type=\"text-editor.default\">\n\t\t\t\t<div class=\"elementor-widget-container\">\n\t\t\t\t\t\t\t\t\t<p><strong>Kaj so pi\u0161kotki in zakaj jih uporabljamo?<\/strong><\/p><p>Pi\u0161kotki so majhne tekstovne datoteke, ki se shranijo na va\u0161 ra\u010dunalnik, ko obi\u0161\u010dete spletno stran. Uporabljajo se za izbolj\u0161anje uporabni\u0161ke izku\u0161nje in funkcionalnosti spletne strani. Uporaba le-teh nam mogo\u010da, da se lahko spomnimo va\u0161ih nastavitev in preferenc ter vam zagotovimo prilagojeno uporabni\u0161ko izku\u0161njo.<\/p><p><span style=\"color: var( --e-global-color-text );\">Spletna stran podjetja ALFA SP d.o.o. uporablja samo osnovne pi\u0161kotke, ki so potrebni za delovanje spletne strani in ne vsebujejo nobenih osebnih podatkov:<\/span><\/p><p>\u2013 Pi\u0161kotki seje: so za\u010dasni in se samodejno izbri\u0161ejo, ko zaprete svoj brskalnik. Uporabljajo se za shranjevanje informacij o va\u0161i seji in va\u0161i prijavi na spletno stran. \u2013 <br \/><br \/><\/p><p>\u2013 Pi\u0161kotki za funkcionalnost: omogo\u010dajo delovanje dolo\u010denih funkcij na spletni strani, kot so na primer obrazci za prijavo ali ko\u0161arice za nakup in se samodejno izbri\u0161ejo po dolo\u010denem \u010dasu.<\/p><p><strong>Uporaba pi\u0161kotkov na spletni strani podjetja<\/strong><\/p><p>ALFA SP d.o.o. Z uporabo spletne strani podjetja ALFA SP d.o.o. se strinjate z uporabo pi\u0161kotkov na na\u0161i spletni strani. \u010ce ne \u017eelite uporabljati pi\u0161kotkov, lahko to nastavite v nastavitvah va\u0161ega brskalnika. Vendar lahko to povzro\u010di, da nekatere funkcionalnosti spletne strani ne bodo delovale pravilno.<\/p><p><strong>Varnost in za\u0161\u010dita va\u0161ih podatkov<\/strong><\/p><p>Podjetje ALFA SP d.o.o. se zavezuje k varovanju va\u0161e zasebnosti in za\u0161\u010diti va\u0161ih osebnih podatkov. Na\u0161a spletna stran uporablja samo osnovne pi\u0161kotke, ki ne vsebujejo nobenih osebnih podatkov. Poleg tega se zavedamo, da so va\u0161i osebni podatki zelo pomembni, zato smo sprejeli ustrezne ukrepe za za\u0161\u010dito va\u0161ih podatkov pred nepoobla\u0161\u010denim dostopom, zlorabo ali razkritjem.<\/p><p><strong>Va\u0161a pravica do upravljanja<\/strong><\/p><p>V primeru, da jih ne \u017eelite uporabljati, lahko to nastavite v nastavitvah va\u0161ega brskalnika. Vendar vas opozarjamo, da lahko to povzro\u010di, da nekatere funkcionalnosti spletne strani ne bodo delovale pravilno.<\/p><p><strong>Kontakt<\/strong><\/p><p>\u010ce imate kakr\u0161na koli vpra\u0161anja ali skrbi glede pi\u0161kotkov, ki se uporabljajo na spletni strani podjetja <a href=\"https:\/\/www.facebook.com\/ALFASP\/\">ALFA SP d.o.o.<\/a>, se lahko kadarkoli obrnete na nas preko na\u0161e <a href=\"https:\/\/alfasp.eu\/hr\/kontakt\/\">kontaktne strani.<\/a> Na\u0161a ekipa vam bo z veseljem pomagala in odgovorila na va\u0161a vpra\u0161anja.<\/p>\t\t\t\t\t\t\t\t<\/div>\n\t\t\t\t<\/div>\n\t\t\t\t\t<\/div>\n\t\t\t\t<\/div>\n\t\t<div class=\"elementor-element elementor-element-d047f85 e-flex e-con-boxed e-con e-parent\" data-id=\"d047f85\" data-element_type=\"container\">\n\t\t\t\t\t<div class=\"e-con-inner\">\n\t\t\t\t<div class=\"elementor-element elementor-element-3c5b8c1 elementor-widget elementor-widget-image\" data-id=\"3c5b8c1\" data-element_type=\"widget\" data-widget_type=\"image.default\">\n\t\t\t\t<div class=\"elementor-widget-container\">\n\t\t\t\t\t\t\t\t\t\t\t\t\t\t\t<img fetchpriority=\"high\" decoding=\"async\" width=\"469\" height=\"496\" src=\"https:\/\/alfasp.eu\/wp-content\/uploads\/2024\/05\/LOGO-znak-02.webp\" class=\"attachment-large size-large wp-image-1741\" alt=\"pi\u0161kotki\" srcset=\"https:\/\/alfasp.eu\/wp-content\/uploads\/2024\/05\/LOGO-znak-02.webp 469w, https:\/\/alfasp.eu\/wp-content\/uploads\/2024\/05\/LOGO-znak-02-284x300.webp 284w\" sizes=\"(max-width: 469px) 100vw, 469px\" \/>\t\t\t\t\t\t\t\t\t\t\t\t\t\t\t<\/div>\n\t\t\t\t<\/div>\n\t\t\t\t<div class=\"elementor-element elementor-element-d01c50b elementor-widget elementor-widget-text-editor\" data-id=\"d01c50b\" data-element_type=\"widget\" data-widget_type=\"text-editor.default\">\n\t\t\t\t<div class=\"elementor-widget-container\">\n\t\t\t\t\t\t\t\t\tALFA SP logistika d.o.o. je vodilno slovensko mednarodno logisti\u010dno podjetje z ve\u010d kot 30-letno tradicijo. Ponosni smo na dru\u017einsko lastni\u0161tvo ter specializacijo v organizaciji cestnega, vodnega, zra\u010dnega in \u017eelezni\u0161kega transporta, s poudarkom na carinskih storitvah.\n\nZ lastnimi pisarnami delujemo na Hrva\u0161kem in v Srbiji. Z inovativnostjo, visoko usposobljenim kadrom in globalnimi partnerji smo uspe\u0161en konkurent na doma\u010dem in mednarodnem trgu. S popolnim nadzorom nad izvajanjem storitev zagotavljamo kakovost in konkuren\u010dne cene.\nO nas\nZGODOVINA\n1990\nPodpis pogodbe\ns francoskim \u0161pediterjem Gondrand\n\n1991\nUporaba prvega ra\u010dunalnika\nv Jugoslaviji za izdelavo carinske dokumentacije\n\n1991\n\u0160tiri izpostave\nv Sloveniji, h\u010derinska dru\u017eba v Beogradu, pripravljeno odpiranje v\nZagrebu in Sarajevu\n\n1992\nDostava rezervnih delov\nza IBM v dveh urah po Sloveniji\n\n1994 \u2013 1995\nAgentura za vse hrva\u0161ke\nladijske prevoznike (Croatialines, \u2026)\n\n1996\nOdpiranje prvega distribucijskega centra s \u010drtno kodo in lastno internetno tehnologijo v oblaku, tehnologija Amazona je sledila nekaj let pozneje\n\n2000\nRazvoj produkta: dokladi kosovnih po\u0161iljk kot hitrej\u0161o, bolj zanesljivo nadomestilo takratnim zbirnikom\n\n2009\nOdpiranje poslovalnice\nv Kopru za pomorsko logistiko\n\n2015\nIntenzivna rast v mednarodnem in regionalnem okolju\n\n2019\nZa\u010detek delovanja h\u010derinske dru\u017ebe v Srbiji, na letali\u0161\u010du Beograd\n\n2024\nZa\u010detek dela h\u010derinske dru\u017ebe na Hrva\u0161kem, v pristani\u0161\u010du Rijeka in odprtje druge enote v Srbiji, v mestu Beograd\n\n1989\nUstanovitev dru\u017ebe\nprvi zasebni \u0161pediter v Jugoslaviji in med prvih 50 d.o.o.-jev v Sloveniji)\n\n1990\nPrvi tedenski\ncestnega zbirnika na relaciji Ljubljana \u2013 Pariz\n\n1991\nPrve zbirne po\u0161iljke\nna relaciji Ljubljana \u2013 Milano\n\n1991\nZa\u010detek razpada Jugoslavije\n\n1992\nHitre dostave rezervnih delov\nza Revoz po jugo-vzhodni Evropi\n\n1994\nSprejem in obdelava kontejnerskega vlaka Livorno \u2013 Ljubljana\n\n1999\nZa\u010detek priprav na vstop Slovenije v Evropsko Unijo\n\n2004\nVstop v EU in propad ve\u010dine majhnih \u0161pediterjev\n\n2012\nPodpis pogodbe\nz ameri\u0161ko multinacionalko UTi\n\n2017\nZa\u010detek razvoja lastne IT re\u0161itve za poslovanje v oblaku, ki bo integriral celotno poslovanje vseh na\u0161ih dru\u017eb kjerkoli so in bodo v prihodnosti\n\n2022\nRekordni finan\u010dni rezultati\n(25 milijonov \u20ac prometa na ravni skupine) in po \u0161tevilu\nprepeljanih po\u0161iljk\n\n\nMisija in vizija\n\u2714 Zagotavljati kvalitetno in celovito logisti\u010dno storitev\n\n\u2714 Biti logisti\u010dni ponudnik izbire doma\u010dim in tujim naro\u010dnikom\n\n\u2714 Fleksibilnost in individualna obravnava strank\n\n\u2714 Imeti popoln nadzor nad izvedbo vseh ponujenih storitev\n\nDRU\u017dINSKE VREDNOTE\nVe\u010d kot 30 letna prisotnost na trgu jam\u010di kvaliteto na\u0161ih storitev, govori o na\u0161i zanesljivosti, korektnem pristopu do strank ter o vlogi na trgu.\t\t\t\t\t\t\t\t<\/div>\n\t\t\t\t<\/div>\n\t\t\t\t\t<\/div>\n\t\t\t\t<\/div>\n\t\t\t\t<\/div>","protected":false},"excerpt":{"rendered":"<p>PI\u0160KOTKI Kaj so pi\u0161kotki in zakaj jih uporabljamo? Pi\u0161kotki so majhne tekstovne datoteke, ki se shranijo na va\u0161 ra\u010dunalnik, ko obi\u0161\u010dete spletno stran. Uporabljajo se za izbolj\u0161anje uporabni\u0161ke izku\u0161nje in funkcionalnosti spletne strani. Uporaba le-teh nam mogo\u010da, da se lahko spomnimo va\u0161ih nastavitev in preferenc ter vam zagotovimo prilagojeno uporabni\u0161ko izku\u0161njo. Spletna stran podjetja ALFA [\u2026]<\/p>","protected":false},"author":1,"featured_media":0,"parent":0,"menu_order":0,"comment_status":"closed","ping_status":"closed","template":"elementor_header_footer","meta":{"om_disable_all_campaigns":false,"_monsterinsights_skip_tracking":false,"_monsterinsights_sitenote_active":false,"_monsterinsights_sitenote_note":"","_monsterinsights_sitenote_category":0,"_uf_show_specific_survey":0,"_uf_disable_surveys":false,"footnotes":""},"class_list":["post-3239","page","type-page","status-publish","hentry"],"aioseo_notices":[],"_links":{"self":[{"href":"https:\/\/alfasp.eu\/hr\/wp-json\/wp\/v2\/pages\/3239","targetHints":{"allow":["GET"]}}],"collection":[{"href":"https:\/\/alfasp.eu\/hr\/wp-json\/wp\/v2\/pages"}],"about":[{"href":"https:\/\/alfasp.eu\/hr\/wp-json\/wp\/v2\/types\/page"}],"author":[{"embeddable":true,"href":"https:\/\/alfasp.eu\/hr\/wp-json\/wp\/v2\/users\/1"}],"replies":[{"embeddable":true,"href":"https:\/\/alfasp.eu\/hr\/wp-json\/wp\/v2\/comments?post=3239"}],"version-history":[{"count":14,"href":"https:\/\/alfasp.eu\/hr\/wp-json\/wp\/v2\/pages\/3239\/revisions"}],"predecessor-version":[{"id":3269,"href":"https:\/\/alfasp.eu\/hr\/wp-json\/wp\/v2\/pages\/3239\/revisions\/3269"}],"wp:attachment":[{"href":"https:\/\/alfasp.eu\/hr\/wp-json\/wp\/v2\/media?parent=3239"}],"curies":[{"name":"wp","href":"https:\/\/api.w.org\/{rel}","templated":true}]}}